{"id":2946,"date":"2021-07-23T10:51:49","date_gmt":"2021-07-23T13:51:49","guid":{"rendered":"https:\/\/www.guigaaviamentos.com.br\/loja\/?post_type=product&#038;p=2946"},"modified":"2026-04-01T10:06:21","modified_gmt":"2026-04-01T13:06:21","slug":"vagonite-para-bordar-rolo-10m-art-brasil","status":"publish","type":"product","link":"https:\/\/www.guigaaviamentos.com.br\/loja\/produto\/vagonite-para-bordar-rolo-10m-art-brasil\/","title":{"rendered":"Tecido Vagonite Branco para Bordado 100% Algod\u00e3o"},"content":{"rendered":"<p>Produto \u00e9 ideal para a t\u00e9cnica de Vagonite, proporcionando um bordado perfeito. Pode ser usado para aplica\u00e7\u00e3o em tecidos ou pe\u00e7as prontas, como tamb\u00e9m para confeccionar toalhas, barrados e at\u00e9 panos de prato.<\/p>\n<p>CARACTER\u00cdSTICAS<br \/>\n*COMPOSI\u00c7\u00c3O: 100% ALGOD\u00c3O<br \/>\n*LARGURA: 1,40 METRO<\/p>\n<p>Marca: ART BRASIL<\/p>\n","protected":false},"excerpt":{"rendered":"<p>Produto \u00e9 ideal para a t\u00e9cnica de Vagonite, proporcionando um bordado perfeito. Pode ser usado para aplica\u00e7\u00e3o em tecidos ou pe\u00e7as prontas, como tamb\u00e9m para confeccionar<span class=\"excerpt-hellip\"> [\u2026]<\/span><\/p>\n","protected":false},"featured_media":3822,"template":"","meta":[],"product_brand":[],"product_cat":[940],"product_tag":[915,943],"class_list":{"0":"post-2946","1":"product","2":"type-product","3":"status-publish","4":"has-post-thumbnail","6":"product_cat-etamine","7":"product_tag-art-brasil","8":"product_tag-vagonite","10":"first","11":"instock","12":"shipping-taxable","13":"product-type-simple"},"_links":{"self":[{"href":"https:\/\/www.guigaaviamentos.com.br\/loja\/wp-json\/wp\/v2\/product\/2946","targetHints":{"allow":["GET"]}}],"collection":[{"href":"https:\/\/www.guigaaviamentos.com.br\/loja\/wp-json\/wp\/v2\/product"}],"about":[{"href":"https:\/\/www.guigaaviamentos.com.br\/loja\/wp-json\/wp\/v2\/types\/product"}],"wp:featuredmedia":[{"embeddable":true,"href":"https:\/\/www.guigaaviamentos.com.br\/loja\/wp-json\/wp\/v2\/media\/3822"}],"wp:attachment":[{"href":"https:\/\/www.guigaaviamentos.com.br\/loja\/wp-json\/wp\/v2\/media?parent=2946"}],"wp:term":[{"taxonomy":"product_brand","embeddable":true,"href":"https:\/\/www.guigaaviamentos.com.br\/loja\/wp-json\/wp\/v2\/product_brand?post=2946"},{"taxonomy":"product_cat","embeddable":true,"href":"https:\/\/www.guigaaviamentos.com.br\/loja\/wp-json\/wp\/v2\/product_cat?post=2946"},{"taxonomy":"product_tag","embeddable":true,"href":"https:\/\/www.guigaaviamentos.com.br\/loja\/wp-json\/wp\/v2\/product_tag?post=2946"}],"curies":[{"name":"wp","href":"https:\/\/api.w.org\/{rel}","templated":true}]}}