{"id":2909,"date":"2021-07-22T15:48:38","date_gmt":"2021-07-22T18:48:38","guid":{"rendered":"https:\/\/www.guigaaviamentos.com.br\/loja\/?post_type=product&#038;p=2909"},"modified":"2026-04-01T10:21:50","modified_gmt":"2026-04-01T13:21:50","slug":"entretela-para-bordar-bdo-30cm-fiorella","status":"publish","type":"product","link":"https:\/\/www.guigaaviamentos.com.br\/loja\/produto\/entretela-para-bordar-bdo-30cm-fiorella\/","title":{"rendered":"Entretela para Bordar  &#8211; FIORELLA"},"content":{"rendered":"<p>A entretela de bordar tem a fun\u00e7\u00e3o de dar sustenta\u00e7\u00e3o aos bordados durante a perfura\u00e7\u00e3o das agulhas de bordar e tamb\u00e9m dar sustenta\u00e7\u00e3o ao bordado aumentando a vida \u00fatil da pe\u00e7a bordada.<\/p>\n<p>A entretela para bordados BDO apresenta <strong>rasgo f\u00e1cil em todos os sentidos,\u00a0<\/strong>uma \u00f3tima resist\u00eancia e um toque r\u00edgido.<\/p>\n<p>Essa entretela resistente indicada para bordados que necessitam do m\u00e1ximo de limpeza.<\/p>\n<p>Voc\u00ea estar\u00e1 comprando 1 rolo de entretela com 100 metros.<\/p>\n<p><strong>C\u00f3digos das Entretelas Dispon\u00edveis: 45, 61, 80 e 102<\/strong><\/p>\n<p>Composi\u00e7\u00e3o:\u00a0Viscose e Poli\u00e9ster.<\/p>\n<p><strong>Dimens\u00f5es Dispon\u00edveis: <\/strong>30cm x 100 metros e 90cm x 100 metros e 90cm x 1 metro.<\/p>\n","protected":false},"excerpt":{"rendered":"<p>A entretela de bordar tem a fun\u00e7\u00e3o de dar sustenta\u00e7\u00e3o aos bordados durante a perfura\u00e7\u00e3o das agulhas de bordar e tamb\u00e9m dar sustenta\u00e7\u00e3o ao bordado aumentando<span class=\"excerpt-hellip\"> [\u2026]<\/span><\/p>\n","protected":false},"featured_media":2910,"template":"","meta":[],"product_brand":[],"product_cat":[27,39],"product_tag":[885,886],"class_list":{"0":"post-2909","1":"product","2":"type-product","3":"status-publish","4":"has-post-thumbnail","6":"product_cat-entretela","7":"product_cat-entretela-sem-cola","8":"product_tag-entretela","9":"product_tag-fiorella","11":"first","12":"instock","13":"shipping-taxable","14":"product-type-simple"},"_links":{"self":[{"href":"https:\/\/www.guigaaviamentos.com.br\/loja\/wp-json\/wp\/v2\/product\/2909","targetHints":{"allow":["GET"]}}],"collection":[{"href":"https:\/\/www.guigaaviamentos.com.br\/loja\/wp-json\/wp\/v2\/product"}],"about":[{"href":"https:\/\/www.guigaaviamentos.com.br\/loja\/wp-json\/wp\/v2\/types\/product"}],"wp:featuredmedia":[{"embeddable":true,"href":"https:\/\/www.guigaaviamentos.com.br\/loja\/wp-json\/wp\/v2\/media\/2910"}],"wp:attachment":[{"href":"https:\/\/www.guigaaviamentos.com.br\/loja\/wp-json\/wp\/v2\/media?parent=2909"}],"wp:term":[{"taxonomy":"product_brand","embeddable":true,"href":"https:\/\/www.guigaaviamentos.com.br\/loja\/wp-json\/wp\/v2\/product_brand?post=2909"},{"taxonomy":"product_cat","embeddable":true,"href":"https:\/\/www.guigaaviamentos.com.br\/loja\/wp-json\/wp\/v2\/product_cat?post=2909"},{"taxonomy":"product_tag","embeddable":true,"href":"https:\/\/www.guigaaviamentos.com.br\/loja\/wp-json\/wp\/v2\/product_tag?post=2909"}],"curies":[{"name":"wp","href":"https:\/\/api.w.org\/{rel}","templated":true}]}}