{"id":2904,"date":"2021-07-21T16:49:11","date_gmt":"2021-07-21T19:49:11","guid":{"rendered":"https:\/\/www.guigaaviamentos.com.br\/loja\/?post_type=product&#038;p=2904"},"modified":"2026-01-27T16:20:35","modified_gmt":"2026-01-27T19:20:35","slug":"vivo-9mm-vt-09-cordex","status":"publish","type":"product","link":"https:\/\/www.guigaaviamentos.com.br\/loja\/produto\/vivo-9mm-vt-09-cordex\/","title":{"rendered":"Vivo 9mm 100metros &#8211; CORDEX"},"content":{"rendered":"<p><span style=\"font-family: Arial;\">Vivo da marca CORDEX de poli\u00e9ster colorido, para decora\u00e7\u00e3o e acabamento de bolsos, golas, palas, e tamb\u00e9m de acess\u00f3rios como n\u00e9cessaires, bags e outros.<\/span><\/p>\n<p>Composi\u00e7\u00e3o:\u00a0100% Poli\u00e9ster<\/p>\n<p>Comprimento: 100 metros<\/p>\n<p>Largura: 9mm<\/p>\n<p>C\u00f3digo: VT-09<\/p>\n<p><strong>Cores Diversas.<\/strong><\/p>\n<p>&nbsp;<\/p>\n","protected":false},"excerpt":{"rendered":"<p>Vivo da marca CORDEX de poli\u00e9ster colorido, para decora\u00e7\u00e3o e acabamento de bolsos, golas, palas, e tamb\u00e9m de acess\u00f3rios como n\u00e9cessaires, bags e outros. Composi\u00e7\u00e3o:\u00a0100% Poli\u00e9ster<span class=\"excerpt-hellip\"> [\u2026]<\/span><\/p>\n","protected":false},"featured_media":2907,"template":"","meta":[],"product_brand":[],"product_cat":[59,64],"product_tag":[884,883],"class_list":{"0":"post-2904","1":"product","2":"type-product","3":"status-publish","4":"has-post-thumbnail","6":"product_cat-cordao-cadarcos-vivos","7":"product_cat-vivos","8":"product_tag-cordex","9":"product_tag-vivo","11":"first","12":"instock","13":"shipping-taxable","14":"purchasable","15":"product-type-variable"},"_links":{"self":[{"href":"https:\/\/www.guigaaviamentos.com.br\/loja\/wp-json\/wp\/v2\/product\/2904","targetHints":{"allow":["GET"]}}],"collection":[{"href":"https:\/\/www.guigaaviamentos.com.br\/loja\/wp-json\/wp\/v2\/product"}],"about":[{"href":"https:\/\/www.guigaaviamentos.com.br\/loja\/wp-json\/wp\/v2\/types\/product"}],"wp:featuredmedia":[{"embeddable":true,"href":"https:\/\/www.guigaaviamentos.com.br\/loja\/wp-json\/wp\/v2\/media\/2907"}],"wp:attachment":[{"href":"https:\/\/www.guigaaviamentos.com.br\/loja\/wp-json\/wp\/v2\/media?parent=2904"}],"wp:term":[{"taxonomy":"product_brand","embeddable":true,"href":"https:\/\/www.guigaaviamentos.com.br\/loja\/wp-json\/wp\/v2\/product_brand?post=2904"},{"taxonomy":"product_cat","embeddable":true,"href":"https:\/\/www.guigaaviamentos.com.br\/loja\/wp-json\/wp\/v2\/product_cat?post=2904"},{"taxonomy":"product_tag","embeddable":true,"href":"https:\/\/www.guigaaviamentos.com.br\/loja\/wp-json\/wp\/v2\/product_tag?post=2904"}],"curies":[{"name":"wp","href":"https:\/\/api.w.org\/{rel}","templated":true}]}}