{"id":2798,"date":"2021-07-15T16:01:24","date_gmt":"2021-07-15T19:01:24","guid":{"rendered":"https:\/\/www.guigaaviamentos.com.br\/loja\/?post_type=product&#038;p=2798"},"modified":"2026-03-23T12:05:27","modified_gmt":"2026-03-23T15:05:27","slug":"cola-spray-gl-100-adesivo-spray","status":"publish","type":"product","link":"https:\/\/www.guigaaviamentos.com.br\/loja\/produto\/cola-spray-gl-100-adesivo-spray\/","title":{"rendered":"Cola Spray GL-100 Adesivo Spray"},"content":{"rendered":"<p>Cola adesiva em spray GL-100 600ml<\/p>\n<p>Efeito tempor\u00e1rio e permanente.<\/p>\n<p>N\u00e3o agride o meio ambiente.<br \/>\nSEM FORMALDE\u00cdDO!<\/p>\n<p>Conte\u00fado: 600ml<\/p>\n<p style=\"text-align: left;\">Adesivo multiuso cola:<br \/>\n&#8211; Bordados computadorizados;<br \/>\n&#8211; Pl\u00e1sticos;<br \/>\n&#8211; Papeis;<br \/>\n&#8211; Espumas;<br \/>\n&#8211; Metais;<br \/>\n&#8211; Papel\u00e3o.<\/p>\n<p>Caracter\u00edsticas:<br \/>\n&#8211; N\u00e3o enruga, resistente a \u00e1gua, reposicion\u00e1vel;<br \/>\n&#8211; Permite ader\u00eancia r\u00e1pida ou longa;<br \/>\n&#8211; Alta concentra\u00e7\u00e3o de adesivo. Forte viscosidade. adere grandes superf\u00edcies;<br \/>\n&#8211; O adesivo \u00e9 liberado uniformemente e permite colar materiais bem finos;<br \/>\n&#8211; Ideal para layouts r\u00e1pidos, paste-ups, projetos e cortes. Pode ser aplicado em bordados eletr\u00f4nicos.<\/p>\n<p>Modo de usar:<br \/>\n1- Agite bem antes de usar.<br \/>\n2- Vaporize o verso do produto, a cerca de 20 a 30 cm de dist\u00e2ncia.<br \/>\n3- Vaporize por 2 a 3 segundos<br \/>\n4- Se o bico estiver entupido, limpe com gaze e querosene, ou \u00e1lcool.<\/p>\n<p>Para efeito tempor\u00e1rio:<br \/>\n&#8211; Se utilizado em apenas uma das superf\u00edcies, pode ser removido facilmente.<\/p>\n<p>Para efeito permanente:<br \/>\n&#8211; Vaporize as duas superf\u00edcies, aguarde 1 minuto e, em seguida, junte as partes.]<\/p>\n<p style=\"text-align: center;\"><strong>ATEN\u00c7\u00c3O! <\/strong><\/p>\n<p style=\"text-align: center;\"><strong>Produto inflam\u00e1vel, mantenha longe do fogo e superf\u00edcies aquecidas, mantenha o produto em lugar fresco e arejado, pode causar irrita\u00e7\u00e3o na pele e nos olhos, evite inala\u00e7\u00e3o \/ aspira\u00e7\u00e3o dos vapores, mantenha fora do alcance de crian\u00e7as e animais dom\u00e9sticos.<\/strong><\/p>\n","protected":false},"excerpt":{"rendered":"<p>Cola adesiva em spray GL-100 600ml Efeito tempor\u00e1rio e permanente. N\u00e3o agride o meio ambiente. SEM FORMALDE\u00cdDO! Conte\u00fado: 600ml Adesivo multiuso cola: &#8211; Bordados computadorizados; &#8211;<span class=\"excerpt-hellip\"> [\u2026]<\/span><\/p>\n","protected":false},"featured_media":2800,"template":"","meta":[],"product_brand":[],"product_cat":[104],"product_tag":[499,105,498],"class_list":{"0":"post-2798","1":"product","2":"type-product","3":"status-publish","4":"has-post-thumbnail","6":"product_cat-colas","7":"product_tag-adesivo-spray","8":"product_tag-cola","9":"product_tag-cola-spray","11":"first","12":"instock","13":"shipping-taxable","14":"product-type-simple"},"_links":{"self":[{"href":"https:\/\/www.guigaaviamentos.com.br\/loja\/wp-json\/wp\/v2\/product\/2798","targetHints":{"allow":["GET"]}}],"collection":[{"href":"https:\/\/www.guigaaviamentos.com.br\/loja\/wp-json\/wp\/v2\/product"}],"about":[{"href":"https:\/\/www.guigaaviamentos.com.br\/loja\/wp-json\/wp\/v2\/types\/product"}],"wp:featuredmedia":[{"embeddable":true,"href":"https:\/\/www.guigaaviamentos.com.br\/loja\/wp-json\/wp\/v2\/media\/2800"}],"wp:attachment":[{"href":"https:\/\/www.guigaaviamentos.com.br\/loja\/wp-json\/wp\/v2\/media?parent=2798"}],"wp:term":[{"taxonomy":"product_brand","embeddable":true,"href":"https:\/\/www.guigaaviamentos.com.br\/loja\/wp-json\/wp\/v2\/product_brand?post=2798"},{"taxonomy":"product_cat","embeddable":true,"href":"https:\/\/www.guigaaviamentos.com.br\/loja\/wp-json\/wp\/v2\/product_cat?post=2798"},{"taxonomy":"product_tag","embeddable":true,"href":"https:\/\/www.guigaaviamentos.com.br\/loja\/wp-json\/wp\/v2\/product_tag?post=2798"}],"curies":[{"name":"wp","href":"https:\/\/api.w.org\/{rel}","templated":true}]}}