{"id":2759,"date":"2021-07-14T16:23:17","date_gmt":"2021-07-14T19:23:17","guid":{"rendered":"https:\/\/www.guigaaviamentos.com.br\/loja\/?post_type=product&#038;p=2759"},"modified":"2026-04-01T14:42:21","modified_gmt":"2026-04-01T17:42:21","slug":"botoes-bombe-cardenas","status":"publish","type":"product","link":"https:\/\/www.guigaaviamentos.com.br\/loja\/produto\/botoes-bombe-cardenas\/","title":{"rendered":"Bot\u00f5es Bomb\u00ea &#8211; CARDENAS"},"content":{"rendered":"<p>Aplica\u00e7\u00f5es<br \/>\n\ud83d\udd39Moda feminina e masculina: em vestidos, blusas, camisas, saias, casacos e ternos.<br \/>\n\ud83d\udd39Noivas e festa: muito usado em vestidos de noiva e trajes de festa..<br \/>\n\ud83d\udd39Estofados e decora\u00e7\u00e3o: em almofadas, cabeceiras, poltronas e sof\u00e1s, servindo tanto como detalhe decorativo quanto funcional.<br \/>\n\ud83d\udd39Artesanato e customiza\u00e7\u00e3o: para dar toque criativo e personalizado em pe\u00e7as artesanais, acess\u00f3rios ou roupas infantis.<br \/>\n\ud83d\udd39Moda infantil: usado em roupas de beb\u00ea e crian\u00e7a.<\/p>\n<p>Caracter\u00edsticas<br \/>\n\ud83d\udd39Composi\u00e7\u00e3o: Tampa em Alum\u00ednio e Base em Pl\u00e1stico.<br \/>\n\ud83d\udd39Quantidade: 144 bot\u00f5es.<br \/>\n\ud83d\udd39Marca: Cardenas<br \/>\n\ud83d\udd39IMPORTANTE: \u00c9 NECESS\u00c1RIO UTILIZAR A MATRIZ COMPAT\u00cdVEL COM O TAMANHO PARA FORRAR OS BOT\u00d5ES.<\/p>\n","protected":false},"excerpt":{"rendered":"<p>Aplica\u00e7\u00f5es \ud83d\udd39Moda feminina e masculina: em vestidos, blusas, camisas, saias, casacos e ternos. \ud83d\udd39Noivas e festa: muito usado em vestidos de noiva e trajes de festa..<span class=\"excerpt-hellip\"> [\u2026]<\/span><\/p>\n","protected":false},"featured_media":2772,"template":"","meta":[],"product_brand":[],"product_cat":[49,48],"product_tag":[121,453,454],"class_list":{"0":"post-2759","1":"product","2":"type-product","3":"status-publish","4":"has-post-thumbnail","6":"product_cat-botao-forrar","7":"product_cat-botao-matrizes-ilhos","8":"product_tag-botao","9":"product_tag-botao-forrar","10":"product_tag-cardenas","12":"first","13":"instock","14":"shipping-taxable","15":"product-type-simple"},"_links":{"self":[{"href":"https:\/\/www.guigaaviamentos.com.br\/loja\/wp-json\/wp\/v2\/product\/2759","targetHints":{"allow":["GET"]}}],"collection":[{"href":"https:\/\/www.guigaaviamentos.com.br\/loja\/wp-json\/wp\/v2\/product"}],"about":[{"href":"https:\/\/www.guigaaviamentos.com.br\/loja\/wp-json\/wp\/v2\/types\/product"}],"wp:featuredmedia":[{"embeddable":true,"href":"https:\/\/www.guigaaviamentos.com.br\/loja\/wp-json\/wp\/v2\/media\/2772"}],"wp:attachment":[{"href":"https:\/\/www.guigaaviamentos.com.br\/loja\/wp-json\/wp\/v2\/media?parent=2759"}],"wp:term":[{"taxonomy":"product_brand","embeddable":true,"href":"https:\/\/www.guigaaviamentos.com.br\/loja\/wp-json\/wp\/v2\/product_brand?post=2759"},{"taxonomy":"product_cat","embeddable":true,"href":"https:\/\/www.guigaaviamentos.com.br\/loja\/wp-json\/wp\/v2\/product_cat?post=2759"},{"taxonomy":"product_tag","embeddable":true,"href":"https:\/\/www.guigaaviamentos.com.br\/loja\/wp-json\/wp\/v2\/product_tag?post=2759"}],"curies":[{"name":"wp","href":"https:\/\/api.w.org\/{rel}","templated":true}]}}