{"id":2724,"date":"2021-07-14T08:36:28","date_gmt":"2021-07-14T11:36:28","guid":{"rendered":"https:\/\/www.guigaaviamentos.com.br\/loja\/?post_type=product&#038;p=2724"},"modified":"2026-04-01T14:53:09","modified_gmt":"2026-04-01T17:53:09","slug":"velcro-hook-loop-16mm","status":"publish","type":"product","link":"https:\/\/www.guigaaviamentos.com.br\/loja\/produto\/velcro-hook-loop-16mm\/","title":{"rendered":"Velcro Hook &amp; Loop"},"content":{"rendered":"<p>Velcro Hook &amp; Loop<\/p>\n<p>O velcro de costura, tamb\u00e9m conhecido como fita de velcro ou fecho de velcro,\u00a0\u00e9 usado para fixar e unir tecidos de forma revers\u00edvel, sem a necessidade de bot\u00f5es, z\u00edperes ou outros fechos permanentes.\u00a0Ele \u00e9 composto por duas partes: uma com pequenos ganchos e outra com pequenos la\u00e7os, que se prendem um ao outro ao serem pressionados.<\/p>\n<p>Velcro Macho e F\u00eamea (conjunto)<\/p>\n<p>Larguras Dispon\u00edveis: 16mm, 20 mm, 25 mm, 50 mm e 100 mm.<\/p>\n<p>Metragem: 25 metros<\/p>\n<p>Composi\u00e7\u00e3o: 70% Poli\u00e9ster \/ 30 % Nylon<\/p>\n<p><strong>O Velcro n\u00e3o \u00e9 adesivo<\/strong><\/p>\n<p>Fornecedor: Importado<\/p>\n","protected":false},"excerpt":{"rendered":"<p>Velcro Hook &amp; Loop O velcro de costura, tamb\u00e9m conhecido como fita de velcro ou fecho de velcro,\u00a0\u00e9 usado para fixar e unir tecidos de forma<span class=\"excerpt-hellip\"> [\u2026]<\/span><\/p>\n","protected":false},"featured_media":2725,"template":"","meta":[],"product_brand":[],"product_cat":[73],"product_tag":[452,451],"class_list":{"0":"post-2724","1":"product","2":"type-product","3":"status-publish","4":"has-post-thumbnail","6":"product_cat-velcro","7":"product_tag-hook-loop","8":"product_tag-velcro","10":"first","11":"instock","12":"shipping-taxable","13":"product-type-simple"},"_links":{"self":[{"href":"https:\/\/www.guigaaviamentos.com.br\/loja\/wp-json\/wp\/v2\/product\/2724","targetHints":{"allow":["GET"]}}],"collection":[{"href":"https:\/\/www.guigaaviamentos.com.br\/loja\/wp-json\/wp\/v2\/product"}],"about":[{"href":"https:\/\/www.guigaaviamentos.com.br\/loja\/wp-json\/wp\/v2\/types\/product"}],"wp:featuredmedia":[{"embeddable":true,"href":"https:\/\/www.guigaaviamentos.com.br\/loja\/wp-json\/wp\/v2\/media\/2725"}],"wp:attachment":[{"href":"https:\/\/www.guigaaviamentos.com.br\/loja\/wp-json\/wp\/v2\/media?parent=2724"}],"wp:term":[{"taxonomy":"product_brand","embeddable":true,"href":"https:\/\/www.guigaaviamentos.com.br\/loja\/wp-json\/wp\/v2\/product_brand?post=2724"},{"taxonomy":"product_cat","embeddable":true,"href":"https:\/\/www.guigaaviamentos.com.br\/loja\/wp-json\/wp\/v2\/product_cat?post=2724"},{"taxonomy":"product_tag","embeddable":true,"href":"https:\/\/www.guigaaviamentos.com.br\/loja\/wp-json\/wp\/v2\/product_tag?post=2724"}],"curies":[{"name":"wp","href":"https:\/\/api.w.org\/{rel}","templated":true}]}}