{"id":2715,"date":"2021-07-13T16:54:58","date_gmt":"2021-07-13T19:54:58","guid":{"rendered":"https:\/\/www.guigaaviamentos.com.br\/loja\/?post_type=product&#038;p=2715"},"modified":"2026-01-27T15:45:40","modified_gmt":"2026-01-27T18:45:40","slug":"vies-de-algodao-destaque","status":"publish","type":"product","link":"https:\/\/www.guigaaviamentos.com.br\/loja\/produto\/vies-de-algodao-destaque\/","title":{"rendered":"V\u00cdES ALGOD\u00c3O LARGO DESTAQUE 35MM &#8211; ROLOS COM 20 METROS"},"content":{"rendered":"<h1 style=\"text-align: center;\">CLIQUE NO LINK PARA TER ACESSO A TABELA DE CORES DOS VI\u00c9S DESTAQUE:<\/h1>\n<p style=\"text-align: center;\"><a href=\"https:\/\/www.guigaaviamentos.com.br\/loja\/wp-content\/uploads\/2021\/07\/bdf92-catalago_vies.pdf\" target=\"_blank\" rel=\"noopener noreferrer\">https:\/\/www.guigaaviamentos.com.br\/loja\/wp-content\/uploads\/2021\/07\/bdf92-catalago_vies.pdf<\/a><\/p>\n<p>O\u00a0<b>Vi\u00e9s Destaque<\/b>\u00a0pode ser usado para diversos tipos de acabamentos, sendo ideal para t\u00e9cnicas artesanais ou de costura. Ele apresenta cores super firmes e pode ser usado em pe\u00e7as de vestu\u00e1rio, panos de prato, jogos americanos, ou itens de cama, mesa e banho.<\/p>\n<ul>\n<li>100% Algod\u00e3o<\/li>\n<li>Largura inicial: 35mm<\/li>\n<li>Largura da parte externa: 23mm<\/li>\n<li>Metragem: 20 metros<\/li>\n<\/ul>\n<p>&nbsp;<\/p>\n<p>Marca: PERIPAN<\/p>\n<p>&nbsp;<\/p>\n<p>&nbsp;<\/p>\n<p>&nbsp;<\/p>\n","protected":false},"excerpt":{"rendered":"<p>CLIQUE NO LINK PARA TER ACESSO A TABELA DE CORES DOS VI\u00c9S DESTAQUE: https:\/\/www.guigaaviamentos.com.br\/loja\/wp-content\/uploads\/2021\/07\/bdf92-catalago_vies.pdf O\u00a0Vi\u00e9s Destaque\u00a0pode ser usado para diversos tipos de acabamentos, sendo ideal para<span class=\"excerpt-hellip\"> [\u2026]<\/span><\/p>\n","protected":false},"featured_media":3826,"template":"","meta":[],"product_brand":[],"product_cat":[31],"product_tag":[449,450,448,1159],"class_list":{"0":"post-2715","1":"product","2":"type-product","3":"status-publish","4":"has-post-thumbnail","6":"product_cat-vies","7":"product_tag-destaque","8":"product_tag-peripan","9":"product_tag-vies","10":"product_tag-vies-algodao","12":"first","13":"instock","14":"shipping-taxable","15":"purchasable","16":"product-type-variable"},"_links":{"self":[{"href":"https:\/\/www.guigaaviamentos.com.br\/loja\/wp-json\/wp\/v2\/product\/2715","targetHints":{"allow":["GET"]}}],"collection":[{"href":"https:\/\/www.guigaaviamentos.com.br\/loja\/wp-json\/wp\/v2\/product"}],"about":[{"href":"https:\/\/www.guigaaviamentos.com.br\/loja\/wp-json\/wp\/v2\/types\/product"}],"wp:featuredmedia":[{"embeddable":true,"href":"https:\/\/www.guigaaviamentos.com.br\/loja\/wp-json\/wp\/v2\/media\/3826"}],"wp:attachment":[{"href":"https:\/\/www.guigaaviamentos.com.br\/loja\/wp-json\/wp\/v2\/media?parent=2715"}],"wp:term":[{"taxonomy":"product_brand","embeddable":true,"href":"https:\/\/www.guigaaviamentos.com.br\/loja\/wp-json\/wp\/v2\/product_brand?post=2715"},{"taxonomy":"product_cat","embeddable":true,"href":"https:\/\/www.guigaaviamentos.com.br\/loja\/wp-json\/wp\/v2\/product_cat?post=2715"},{"taxonomy":"product_tag","embeddable":true,"href":"https:\/\/www.guigaaviamentos.com.br\/loja\/wp-json\/wp\/v2\/product_tag?post=2715"}],"curies":[{"name":"wp","href":"https:\/\/api.w.org\/{rel}","templated":true}]}}