{"id":2694,"date":"2021-07-13T13:19:42","date_gmt":"2021-07-13T16:19:42","guid":{"rendered":"https:\/\/www.guigaaviamentos.com.br\/loja\/?post_type=product&#038;p=2694"},"modified":"2026-01-27T15:43:06","modified_gmt":"2026-01-27T18:43:06","slug":"fio-para-costura-resistente","status":"publish","type":"product","link":"https:\/\/www.guigaaviamentos.com.br\/loja\/produto\/fio-para-costura-resistente\/","title":{"rendered":"Fio de Overloque Limassa 100G &#8211; RESISTENTE"},"content":{"rendered":"<h1 style=\"text-align: center;\"><strong>ACESSE O LINK ABAIXO PARA TER ACESSO A TABELA DE CORES DA RESISTENTE: <\/strong><\/h1>\n<h6 style=\"text-align: center;\"><strong><a href=\"https:\/\/www.guigaaviamentos.com.br\/loja\/wp-content\/uploads\/2021\/07\/TABELAS-RESISTENTE.pdf\" target=\"_blank\" rel=\"noopener noreferrer\">https:\/\/www.guigaaviamentos.com.br\/loja\/wp-content\/uploads\/2021\/07\/TABELAS-RESISTENTE.pdf<\/a> <\/strong><\/h6>\n<p style=\"text-align: center;\"><strong>ATEN\u00c7\u00c3O! AS CORES APRESENTADAS NA IMAGEM S\u00c3O MERAMENTE ILUSTRATIVAS, CONFIRA O C\u00d3DIGO ESCOLHIDO NA TABELA DA RESISTENTE.<\/strong><\/p>\n<p>Ideal para uso em overloque e loopers de m\u00e1quinas de costuras e conhecido por fornecer maciez e conforto, principalmente em costuras pr\u00f3ximas a pele. Possui excelente performance, por apresentar uma alta extensibilidade e resist\u00eancia, o que garante baix\u00edssimas taxas de encolhimento e uma costura sem distor\u00e7\u00f5es ap\u00f3s a lavagem.<\/p>\n<p>Indica\u00e7\u00f5es de uso:<\/p>\n<p>Traje de banho, su\u00e9teres, moda intima, roupas para beb\u00eas, artigos t\u00eaxteis para o lar, roupas de lazer, roupas de malha, etc.<\/p>\n<p>Recursos e benef\u00edcios:<\/p>\n<ul>\n<li>Alto alongamento e resist\u00eancia, possuindo firmeza na costura<\/li>\n<li>Baixo encolhimento, garantindo uma costura sem distor\u00e7\u00f5es ap\u00f3s a lavagem<\/li>\n<li>Excelente cobertura de costura, garantindo costuras definidas e confort\u00e1veis<\/li>\n<li>Performance excepcional com alto grau de solidez mesmo ap\u00f3s os processos de lavagem industriais mais exigentes<\/li>\n<\/ul>\n<p>&nbsp;<\/p>\n<p>Marca: RESISTENTE<\/p>\n","protected":false},"excerpt":{"rendered":"<p>ACESSE O LINK ABAIXO PARA TER ACESSO A TABELA DE CORES DA RESISTENTE: https:\/\/www.guigaaviamentos.com.br\/loja\/wp-content\/uploads\/2021\/07\/TABELAS-RESISTENTE.pdf ATEN\u00c7\u00c3O! AS CORES APRESENTADAS NA IMAGEM S\u00c3O MERAMENTE ILUSTRATIVAS, CONFIRA O C\u00d3DIGO<span class=\"excerpt-hellip\"> [\u2026]<\/span><\/p>\n","protected":false},"featured_media":3277,"template":"","meta":[],"product_brand":[],"product_cat":[26],"product_tag":[89,227,228,86,87],"class_list":{"0":"post-2694","1":"product","2":"type-product","3":"status-publish","4":"has-post-thumbnail","6":"product_cat-linhas-fios","7":"product_tag-colorido","8":"product_tag-cores","9":"product_tag-costura","10":"product_tag-linha","11":"product_tag-resistente","12":"pa_codigos-cores-000-branco","13":"pa_codigos-cores-147","14":"pa_codigos-cores-148","15":"pa_codigos-cores-150","16":"pa_codigos-cores-151","17":"pa_codigos-cores-157","18":"pa_codigos-cores-169","19":"pa_codigos-cores-170","20":"pa_codigos-cores-172","21":"pa_codigos-cores-176","22":"pa_codigos-cores-178","23":"pa_codigos-cores-179","24":"pa_codigos-cores-183","25":"pa_codigos-cores-044-preto","26":"pa_codigos-cores-184","27":"pa_codigos-cores-189","28":"pa_codigos-cores-203","29":"pa_codigos-cores-207","30":"pa_codigos-cores-208","31":"pa_codigos-cores-223","32":"pa_codigos-cores-224","33":"pa_codigos-cores-225","34":"pa_codigos-cores-341","35":"pa_codigos-cores-233","36":"pa_codigos-cores-247","37":"pa_codigos-cores-249","38":"pa_codigos-cores-303","39":"pa_codigos-cores-309","40":"pa_codigos-cores-311","41":"pa_codigos-cores-321","42":"pa_codigos-cores-326","43":"pa_codigos-cores-1530","44":"pa_codigos-cores-1523","45":"pa_codigos-cores-1528","46":"pa_codigos-cores-1526","47":"pa_codigos-cores-1518","48":"pa_codigos-cores-1524","49":"pa_codigos-cores-1529","50":"pa_codigos-cores-1531","51":"pa_codigos-cores-067-branco","52":"pa_codigos-cores-1521","53":"pa_codigos-cores-1330","54":"pa_codigos-cores-1517","55":"pa_codigos-cores-1527","56":"pa_codigos-cores-1532","57":"pa_codigos-cores-1331","58":"pa_codigos-cores-1522","59":"pa_codigos-cores-1519","60":"pa_codigos-cores-1525","61":"pa_codigos-cores-de822","63":"first","64":"instock","65":"shipping-taxable","66":"purchasable","67":"product-type-variable"},"_links":{"self":[{"href":"https:\/\/www.guigaaviamentos.com.br\/loja\/wp-json\/wp\/v2\/product\/2694","targetHints":{"allow":["GET"]}}],"collection":[{"href":"https:\/\/www.guigaaviamentos.com.br\/loja\/wp-json\/wp\/v2\/product"}],"about":[{"href":"https:\/\/www.guigaaviamentos.com.br\/loja\/wp-json\/wp\/v2\/types\/product"}],"wp:featuredmedia":[{"embeddable":true,"href":"https:\/\/www.guigaaviamentos.com.br\/loja\/wp-json\/wp\/v2\/media\/3277"}],"wp:attachment":[{"href":"https:\/\/www.guigaaviamentos.com.br\/loja\/wp-json\/wp\/v2\/media?parent=2694"}],"wp:term":[{"taxonomy":"product_brand","embeddable":true,"href":"https:\/\/www.guigaaviamentos.com.br\/loja\/wp-json\/wp\/v2\/product_brand?post=2694"},{"taxonomy":"product_cat","embeddable":true,"href":"https:\/\/www.guigaaviamentos.com.br\/loja\/wp-json\/wp\/v2\/product_cat?post=2694"},{"taxonomy":"product_tag","embeddable":true,"href":"https:\/\/www.guigaaviamentos.com.br\/loja\/wp-json\/wp\/v2\/product_tag?post=2694"}],"curies":[{"name":"wp","href":"https:\/\/api.w.org\/{rel}","templated":true}]}}