{"id":2651,"date":"2021-07-12T15:48:15","date_gmt":"2021-07-12T18:48:15","guid":{"rendered":"https:\/\/www.guigaaviamentos.com.br\/loja\/?post_type=product&#038;p=2651"},"modified":"2026-03-23T12:05:06","modified_gmt":"2026-03-23T15:05:06","slug":"balancim-100-cardenas","status":"publish","type":"product","link":"https:\/\/www.guigaaviamentos.com.br\/loja\/produto\/balancim-100-cardenas\/","title":{"rendered":"Balancim 100 &#8211; CARDENAS"},"content":{"rendered":"<p class=\"nome-produto\">Maquina CARDENAS Aplicadora Balancim 100<\/p>\n<p>Prensa manual. M\u00e1quina para fixa\u00e7\u00e3o e forra\u00e7\u00e3o de bot\u00f5es. Bot\u00f5es para: Confec\u00e7\u00e3o, Estofados, Cal\u00e7ados, Bon\u00e9s, Decora\u00e7\u00e3o, Bolsas e cintos, Artesanato e Artigos Promocionais.<\/p>\n<p>Cor: Verde<\/p>\n<p>Marca: CARDENAS<\/p>\n","protected":false},"excerpt":{"rendered":"<p>Maquina CARDENAS Aplicadora Balancim 100 Prensa manual. M\u00e1quina para fixa\u00e7\u00e3o e forra\u00e7\u00e3o de bot\u00f5es. Bot\u00f5es para: Confec\u00e7\u00e3o, Estofados, Cal\u00e7ados, Bon\u00e9s, Decora\u00e7\u00e3o, Bolsas e cintos, Artesanato e<span class=\"excerpt-hellip\"> [\u2026]<\/span><\/p>\n","protected":false},"featured_media":2652,"template":"","meta":[],"product_brand":[],"product_cat":[53,49,48,54],"product_tag":[129,1112,454],"class_list":{"0":"post-2651","1":"product","2":"type-product","3":"status-publish","4":"has-post-thumbnail","6":"product_cat-aplicadores","7":"product_cat-botao-forrar","8":"product_cat-botao-matrizes-ilhos","9":"product_cat-matrizes","10":"product_tag-aplicadores","11":"product_tag-balancim","12":"product_tag-cardenas","14":"first","15":"instock","16":"shipping-taxable","17":"product-type-simple"},"_links":{"self":[{"href":"https:\/\/www.guigaaviamentos.com.br\/loja\/wp-json\/wp\/v2\/product\/2651","targetHints":{"allow":["GET"]}}],"collection":[{"href":"https:\/\/www.guigaaviamentos.com.br\/loja\/wp-json\/wp\/v2\/product"}],"about":[{"href":"https:\/\/www.guigaaviamentos.com.br\/loja\/wp-json\/wp\/v2\/types\/product"}],"wp:featuredmedia":[{"embeddable":true,"href":"https:\/\/www.guigaaviamentos.com.br\/loja\/wp-json\/wp\/v2\/media\/2652"}],"wp:attachment":[{"href":"https:\/\/www.guigaaviamentos.com.br\/loja\/wp-json\/wp\/v2\/media?parent=2651"}],"wp:term":[{"taxonomy":"product_brand","embeddable":true,"href":"https:\/\/www.guigaaviamentos.com.br\/loja\/wp-json\/wp\/v2\/product_brand?post=2651"},{"taxonomy":"product_cat","embeddable":true,"href":"https:\/\/www.guigaaviamentos.com.br\/loja\/wp-json\/wp\/v2\/product_cat?post=2651"},{"taxonomy":"product_tag","embeddable":true,"href":"https:\/\/www.guigaaviamentos.com.br\/loja\/wp-json\/wp\/v2\/product_tag?post=2651"}],"curies":[{"name":"wp","href":"https:\/\/api.w.org\/{rel}","templated":true}]}}