{"id":2634,"date":"2021-07-12T15:01:02","date_gmt":"2021-07-12T18:01:02","guid":{"rendered":"https:\/\/www.guigaaviamentos.com.br\/loja\/?post_type=product&#038;p=2634"},"modified":"2026-03-23T11:58:32","modified_gmt":"2026-03-23T14:58:32","slug":"cortador-circular-manual-com-protetor-lanmax","status":"publish","type":"product","link":"https:\/\/www.guigaaviamentos.com.br\/loja\/produto\/cortador-circular-manual-com-protetor-lanmax\/","title":{"rendered":"Cortador Circular Manual com protetor &#8211; LANMAX"},"content":{"rendered":"<p class=\"description__product-title\">Cortador circular manual com protetor<\/p>\n<p>45mm<\/p>\n<p>O Cortador Circular Manual \u00e9 ideal para cortes de precis\u00e3o em pap\u00e9is e tecidos.<br \/>\nFerramenta possui cabo emborrachado para maior seguran\u00e7a e conforto. F\u00e1cil troca de l\u00e2mina, com trava para recuar a l\u00e2mina quando n\u00e3o estiver mais usando. Sistema de \u00e2ngulo ajust\u00e1vel conforme a press\u00e3o do operador.<br \/>\nPara destros e canhotos sem necessidade de ajustes.<br \/>\nUma ferramenta perfeita para voc\u00ea que busca agilidade e precis\u00e3o em seus trabalhos!<br \/>\nPara que serve: Para cortar pap\u00e9is e tecidos.<\/p>\n<p>ATEN\u00c7\u00c3O: Manusear com CUIDADO, l\u00e2mina muito afiada!<\/p>\n<p>Marca: LANMAX<\/p>\n","protected":false},"excerpt":{"rendered":"<p>Cortador circular manual com protetor 45mm O Cortador Circular Manual \u00e9 ideal para cortes de precis\u00e3o em pap\u00e9is e tecidos. Ferramenta possui cabo emborrachado para maior<span class=\"excerpt-hellip\"> [\u2026]<\/span><\/p>\n","protected":false},"featured_media":2635,"template":"","meta":[],"product_brand":[],"product_cat":[79,85,77,82,76,83],"product_tag":[126,121],"class_list":{"0":"post-2634","1":"product","2":"type-product","3":"status-publish","4":"has-post-thumbnail","6":"product_cat-patchwork-acessorios","7":"product_cat-acessorios-costura","8":"product_cat-patchwork-base-corte-cortadores","9":"product_cat-corte-costura","10":"product_cat-patchwork","11":"product_cat-tesoura","12":"product_tag-alicate","13":"product_tag-botao","15":"first","16":"instock","17":"shipping-taxable","18":"product-type-simple"},"_links":{"self":[{"href":"https:\/\/www.guigaaviamentos.com.br\/loja\/wp-json\/wp\/v2\/product\/2634","targetHints":{"allow":["GET"]}}],"collection":[{"href":"https:\/\/www.guigaaviamentos.com.br\/loja\/wp-json\/wp\/v2\/product"}],"about":[{"href":"https:\/\/www.guigaaviamentos.com.br\/loja\/wp-json\/wp\/v2\/types\/product"}],"wp:featuredmedia":[{"embeddable":true,"href":"https:\/\/www.guigaaviamentos.com.br\/loja\/wp-json\/wp\/v2\/media\/2635"}],"wp:attachment":[{"href":"https:\/\/www.guigaaviamentos.com.br\/loja\/wp-json\/wp\/v2\/media?parent=2634"}],"wp:term":[{"taxonomy":"product_brand","embeddable":true,"href":"https:\/\/www.guigaaviamentos.com.br\/loja\/wp-json\/wp\/v2\/product_brand?post=2634"},{"taxonomy":"product_cat","embeddable":true,"href":"https:\/\/www.guigaaviamentos.com.br\/loja\/wp-json\/wp\/v2\/product_cat?post=2634"},{"taxonomy":"product_tag","embeddable":true,"href":"https:\/\/www.guigaaviamentos.com.br\/loja\/wp-json\/wp\/v2\/product_tag?post=2634"}],"curies":[{"name":"wp","href":"https:\/\/api.w.org\/{rel}","templated":true}]}}