{"id":2540,"date":"2021-07-12T10:39:56","date_gmt":"2021-07-12T13:39:56","guid":{"rendered":"https:\/\/www.guigaaviamentos.com.br\/loja\/?post_type=product&#038;p=2540"},"modified":"2026-03-26T14:05:19","modified_gmt":"2026-03-26T17:05:19","slug":"elastico-zanotti-jaragua-35","status":"publish","type":"product","link":"https:\/\/www.guigaaviamentos.com.br\/loja\/produto\/elastico-zanotti-jaragua-35\/","title":{"rendered":"El\u00e1stico Jaragu\u00e1 &#8211; ZANOTTI"},"content":{"rendered":"<p>El\u00e1stico Jaragu\u00e1 &#8211; Marca Zanotti<\/p>\n<p>Cor: Cru<\/p>\n<p>Larguras Dispon\u00edveis:<\/p>\n<p>Rolos com 100 Metros &#8211; 6,5 mm, 7 mm, 7,5 mm, 9mm, 11 mm e 15 mm.<\/p>\n<p>Rolos com 25 Metros &#8211; 20 mm, 25 mm, 30 mm, 35 mm, 40 mm, 50 mm e 60 mm.<\/p>\n<p>Composi\u00e7\u00e3o:<\/p>\n<p>72% Poliester<\/p>\n<p>28% Elastodieno<\/p>\n<p>&nbsp;<\/p>\n","protected":false},"excerpt":{"rendered":"<p>El\u00e1stico Jaragu\u00e1 &#8211; Marca Zanotti Cor: Cru Larguras Dispon\u00edveis: Rolos com 100 Metros &#8211; 6,5 mm, 7 mm, 7,5 mm, 9mm, 11 mm e 15 mm.<span class=\"excerpt-hellip\"> [\u2026]<\/span><\/p>\n","protected":false},"featured_media":4182,"template":"","meta":[],"product_brand":[],"product_cat":[28,42],"product_tag":[115,116,117],"class_list":{"0":"post-2540","1":"product","2":"type-product","3":"status-publish","4":"has-post-thumbnail","6":"product_cat-elastico","7":"product_cat-elastico-zanotti","8":"product_tag-elastico","9":"product_tag-jaragua","10":"product_tag-zanotti","12":"first","13":"instock","14":"shipping-taxable","15":"product-type-variable"},"_links":{"self":[{"href":"https:\/\/www.guigaaviamentos.com.br\/loja\/wp-json\/wp\/v2\/product\/2540","targetHints":{"allow":["GET"]}}],"collection":[{"href":"https:\/\/www.guigaaviamentos.com.br\/loja\/wp-json\/wp\/v2\/product"}],"about":[{"href":"https:\/\/www.guigaaviamentos.com.br\/loja\/wp-json\/wp\/v2\/types\/product"}],"wp:featuredmedia":[{"embeddable":true,"href":"https:\/\/www.guigaaviamentos.com.br\/loja\/wp-json\/wp\/v2\/media\/4182"}],"wp:attachment":[{"href":"https:\/\/www.guigaaviamentos.com.br\/loja\/wp-json\/wp\/v2\/media?parent=2540"}],"wp:term":[{"taxonomy":"product_brand","embeddable":true,"href":"https:\/\/www.guigaaviamentos.com.br\/loja\/wp-json\/wp\/v2\/product_brand?post=2540"},{"taxonomy":"product_cat","embeddable":true,"href":"https:\/\/www.guigaaviamentos.com.br\/loja\/wp-json\/wp\/v2\/product_cat?post=2540"},{"taxonomy":"product_tag","embeddable":true,"href":"https:\/\/www.guigaaviamentos.com.br\/loja\/wp-json\/wp\/v2\/product_tag?post=2540"}],"curies":[{"name":"wp","href":"https:\/\/api.w.org\/{rel}","templated":true}]}}