{"id":2532,"date":"2021-07-12T10:17:49","date_gmt":"2021-07-12T13:17:49","guid":{"rendered":"https:\/\/www.guigaaviamentos.com.br\/loja\/?post_type=product&#038;p=2532"},"modified":"2026-03-23T11:57:17","modified_gmt":"2026-03-23T14:57:17","slug":"desengripante-silicones-paulista-300ml-180g","status":"publish","type":"product","link":"https:\/\/www.guigaaviamentos.com.br\/loja\/produto\/desengripante-silicones-paulista-300ml-180g\/","title":{"rendered":"Desengripante Silicones Paulista 300ml\/180g"},"content":{"rendered":"<p>Silicones Paulista MOTORS Automotive &#8211; Lubrificante<\/p>\n<p>Protege contra oxida\u00e7\u00e3o e corros\u00e3o.<\/p>\n<p>Penetra e libera pe\u00e7as bloqueadas e oxidadas tais como: porcas, fechaduras, dobradi\u00e7as e correntes.<\/p>\n<p>&nbsp;<\/p>\n<p>ATEN\u00c7\u00c3O- Leia atentamente o r\u00f3tulo do produto antes de usar.<\/p>\n","protected":false},"excerpt":{"rendered":"<p>Silicones Paulista MOTORS Automotive &#8211; Lubrificante Protege contra oxida\u00e7\u00e3o e corros\u00e3o. Penetra e libera pe\u00e7as bloqueadas e oxidadas tais como: porcas, fechaduras, dobradi\u00e7as e correntes. &nbsp;<span class=\"excerpt-hellip\"> [\u2026]<\/span><\/p>\n","protected":false},"featured_media":2533,"template":"","meta":[],"product_brand":[],"product_cat":[74],"product_tag":[113,114,1028,965],"class_list":{"0":"post-2532","1":"product","2":"type-product","3":"status-publish","4":"has-post-thumbnail","6":"product_cat-oleo-silicone","7":"product_tag-desengripante","8":"product_tag-lubrificante","9":"product_tag-maquina","10":"product_tag-oleo","12":"first","13":"instock","14":"shipping-taxable","15":"product-type-simple"},"_links":{"self":[{"href":"https:\/\/www.guigaaviamentos.com.br\/loja\/wp-json\/wp\/v2\/product\/2532","targetHints":{"allow":["GET"]}}],"collection":[{"href":"https:\/\/www.guigaaviamentos.com.br\/loja\/wp-json\/wp\/v2\/product"}],"about":[{"href":"https:\/\/www.guigaaviamentos.com.br\/loja\/wp-json\/wp\/v2\/types\/product"}],"wp:featuredmedia":[{"embeddable":true,"href":"https:\/\/www.guigaaviamentos.com.br\/loja\/wp-json\/wp\/v2\/media\/2533"}],"wp:attachment":[{"href":"https:\/\/www.guigaaviamentos.com.br\/loja\/wp-json\/wp\/v2\/media?parent=2532"}],"wp:term":[{"taxonomy":"product_brand","embeddable":true,"href":"https:\/\/www.guigaaviamentos.com.br\/loja\/wp-json\/wp\/v2\/product_brand?post=2532"},{"taxonomy":"product_cat","embeddable":true,"href":"https:\/\/www.guigaaviamentos.com.br\/loja\/wp-json\/wp\/v2\/product_cat?post=2532"},{"taxonomy":"product_tag","embeddable":true,"href":"https:\/\/www.guigaaviamentos.com.br\/loja\/wp-json\/wp\/v2\/product_tag?post=2532"}],"curies":[{"name":"wp","href":"https:\/\/api.w.org\/{rel}","templated":true}]}}